{"id":67,"date":"2020-05-04T15:50:48","date_gmt":"2020-05-04T13:50:48","guid":{"rendered":"https:\/\/arge-tp-21.de\/?page_id=67"},"modified":"2024-09-16T09:32:04","modified_gmt":"2024-09-16T07:32:04","slug":"impressum","status":"publish","type":"page","link":"https:\/\/argetp21.de\/en\/impressum\/","title":{"rendered":"Imprint"},"content":{"rendered":"<div data-elementor-type=\"wp-page\" data-elementor-id=\"67\" class=\"elementor elementor-67\">\n\t\t\t\t\t\t<section class=\"elementor-section elementor-top-section elementor-element elementor-element-bca8314 elementor-section-boxed elementor-section-height-default elementor-section-height-default\" data-id=\"bca8314\" data-element_type=\"section\" data-e-type=\"section\">\n\t\t\t\t\t\t<div class=\"elementor-container elementor-column-gap-default\">\n\t\t\t\t\t<div class=\"elementor-column elementor-col-100 elementor-top-column elementor-element elementor-element-7e0438d\" data-id=\"7e0438d\" data-element_type=\"column\" data-e-type=\"column\">\n\t\t\t<div class=\"elementor-widget-wrap elementor-element-populated\">\n\t\t\t\t\t\t<div class=\"elementor-element elementor-element-9d217de elementor-widget elementor-widget-heading\" data-id=\"9d217de\" data-element_type=\"widget\" data-e-type=\"widget\" data-widget_type=\"heading.default\">\n\t\t\t\t<div class=\"elementor-widget-container\">\n\t\t\t\t\t<h3 class=\"elementor-heading-title elementor-size-default\">Imprint<\/h3>\t\t\t\t<\/div>\n\t\t\t\t<\/div>\n\t\t\t\t<div class=\"elementor-element elementor-element-b396112 elementor-widget elementor-widget-text-editor\" data-id=\"b396112\" data-element_type=\"widget\" data-e-type=\"widget\" data-widget_type=\"text-editor.default\">\n\t\t\t\t<div class=\"elementor-widget-container\">\n\t\t\t\t\t\t\t\t\t<h4>T\u00dcV | DEKRA arge tp 21 GmbH<\/h4>\n<p>Wintergartenstrasse 4, 01307 Dresden<\/p>\t\t\t\t\t\t\t\t<\/div>\n\t\t\t\t<\/div>\n\t\t\t\t\t<\/div>\n\t\t<\/div>\n\t\t\t\t\t<\/div>\n\t\t<\/section>\n\t\t\t\t<section class=\"elementor-section elementor-top-section elementor-element elementor-element-73f5ae5 elementor-section-boxed elementor-section-height-default elementor-section-height-default\" data-id=\"73f5ae5\" data-element_type=\"section\" data-e-type=\"section\">\n\t\t\t\t\t\t<div class=\"elementor-container elementor-column-gap-default\">\n\t\t\t\t\t<div class=\"elementor-column elementor-col-100 elementor-top-column elementor-element elementor-element-a1e4356\" data-id=\"a1e4356\" data-element_type=\"column\" data-e-type=\"column\">\n\t\t\t<div class=\"elementor-widget-wrap elementor-element-populated\">\n\t\t\t\t\t\t<div class=\"elementor-element elementor-element-1f9dbd9 elementor-widget-divider--view-line elementor-widget elementor-widget-divider\" data-id=\"1f9dbd9\" data-element_type=\"widget\" data-e-type=\"widget\" data-widget_type=\"divider.default\">\n\t\t\t\t<div class=\"elementor-widget-container\">\n\t\t\t\t\t\t\t<div class=\"elementor-divider\">\n\t\t\t<span class=\"elementor-divider-separator\">\n\t\t\t\t\t\t<\/span>\n\t\t<\/div>\n\t\t\t\t\t\t<\/div>\n\t\t\t\t<\/div>\n\t\t\t\t\t<\/div>\n\t\t<\/div>\n\t\t\t\t\t<\/div>\n\t\t<\/section>\n\t\t\t\t<section class=\"elementor-section elementor-top-section elementor-element elementor-element-55fdb17 elementor-section-boxed elementor-section-height-default elementor-section-height-default\" data-id=\"55fdb17\" data-element_type=\"section\" data-e-type=\"section\">\n\t\t\t\t\t\t<div class=\"elementor-container elementor-column-gap-default\">\n\t\t\t\t\t<div class=\"elementor-column elementor-col-100 elementor-top-column elementor-element elementor-element-098dd7d\" data-id=\"098dd7d\" data-element_type=\"column\" data-e-type=\"column\">\n\t\t\t<div class=\"elementor-widget-wrap elementor-element-populated\">\n\t\t\t\t\t\t<div class=\"elementor-element elementor-element-83d0cfb elementor-widget elementor-widget-text-editor\" data-id=\"83d0cfb\" data-element_type=\"widget\" data-e-type=\"widget\" data-widget_type=\"text-editor.default\">\n\t\t\t\t<div class=\"elementor-widget-container\">\n\t\t\t\t\t\t\t\t\t<p><\/p>\n<figure class=\"wp-block-table\">\n<table>\n<tbody>\n<tr>\n<td style=\"text-align: right;\">Gesch\u00e4ftsf\u00fchrer<\/td>\n<td style=\"width: 40px;\">\u00a0<\/td>\n<td>Dipl.-Ing. Mathias R\u00fcdel<\/td>\n<\/tr>\n<tr>\n<td style=\"text-align: right;\">phone<\/td>\n<td>\u00a0<\/td>\n<td>+49 351 20789-0<\/td>\n<\/tr>\n<tr>\n<td style=\"text-align: right;\">Telefax<\/td>\n<td>\u00a0<\/td>\n<td>+49 351 20789-20<\/td>\n<\/tr>\n<tr>\n<td>\u00a0<\/td>\n<td>\u00a0<\/td>\n<td>\u00a0<\/td>\n<\/tr>\n<tr>\n<td style=\"text-align: right;\">Internet<\/td>\n<td>\u00a0<\/td>\n<td><a href=\"https:\/\/argetp21.de\/en\/\">https:\/\/argetp21.de<\/a><\/td>\n<\/tr>\n<tr>\n<td style=\"text-align: right;\">e-mail<\/td>\n<td>\u00a0<\/td>\n<td><img decoding=\"async\" style=\"margin-bottom: 0px; margin-top: 0px;\" src=\"https:\/\/argetp21.de\/wp-content\/uploads\/2020\/08\/email.png\" alt=\"\" width=\"207\" height=\"23\" \/><\/td>\n<\/tr>\n<tr>\n<td>\u00a0<\/td>\n<td>\u00a0<\/td>\n<td>\u00a0<\/td>\n<\/tr>\n<tr>\n<td style=\"text-align: right;\">Registergericht<\/td>\n<td>\u00a0<\/td>\n<td>Dresden<\/td>\n<\/tr>\n<tr>\n<td style=\"text-align: right;\">Handelsregister<\/td>\n<td>\u00a0<\/td>\n<td>HRB 45608<\/td>\n<\/tr>\n<tr>\n<td style=\"text-align: right;\">Steuernummer<\/td>\n<td>\u00a0<\/td>\n<td>203\/121\/00550<\/td>\n<\/tr>\n<tr>\n<td style=\"text-align: right;\">Ust-ID<\/td>\n<td>\u00a0<\/td>\n<td>DE 208113927<\/td>\n<\/tr>\n<\/tbody>\n<\/table>\n<\/figure>\n<p><\/p>\t\t\t\t\t\t\t\t<\/div>\n\t\t\t\t<\/div>\n\t\t\t\t\t<\/div>\n\t\t<\/div>\n\t\t\t\t\t<\/div>\n\t\t<\/section>\n\t\t\t\t<section class=\"elementor-section elementor-top-section elementor-element elementor-element-b7508c4 elementor-section-boxed elementor-section-height-default elementor-section-height-default\" data-id=\"b7508c4\" data-element_type=\"section\" data-e-type=\"section\">\n\t\t\t\t\t\t<div class=\"elementor-container elementor-column-gap-default\">\n\t\t\t\t\t<div class=\"elementor-column elementor-col-100 elementor-top-column elementor-element elementor-element-5e1aa98\" data-id=\"5e1aa98\" data-element_type=\"column\" data-e-type=\"column\">\n\t\t\t<div class=\"elementor-widget-wrap elementor-element-populated\">\n\t\t\t\t\t\t<div class=\"elementor-element elementor-element-c3648a5 elementor-widget-divider--view-line elementor-widget elementor-widget-divider\" data-id=\"c3648a5\" data-element_type=\"widget\" data-e-type=\"widget\" data-widget_type=\"divider.default\">\n\t\t\t\t<div class=\"elementor-widget-container\">\n\t\t\t\t\t\t\t<div class=\"elementor-divider\">\n\t\t\t<span class=\"elementor-divider-separator\">\n\t\t\t\t\t\t<\/span>\n\t\t<\/div>\n\t\t\t\t\t\t<\/div>\n\t\t\t\t<\/div>\n\t\t\t\t\t<\/div>\n\t\t<\/div>\n\t\t\t\t\t<\/div>\n\t\t<\/section>\n\t\t\t\t<section class=\"elementor-section elementor-top-section elementor-element elementor-element-4e687cc elementor-section-boxed elementor-section-height-default elementor-section-height-default\" data-id=\"4e687cc\" data-element_type=\"section\" data-e-type=\"section\">\n\t\t\t\t\t\t<div class=\"elementor-container elementor-column-gap-default\">\n\t\t\t\t\t<div class=\"elementor-column elementor-col-100 elementor-top-column elementor-element elementor-element-e40cd03\" data-id=\"e40cd03\" data-element_type=\"column\" data-e-type=\"column\">\n\t\t\t<div class=\"elementor-widget-wrap elementor-element-populated\">\n\t\t\t\t\t\t<div class=\"elementor-element elementor-element-e128e1f elementor-widget elementor-widget-heading\" data-id=\"e128e1f\" data-element_type=\"widget\" data-e-type=\"widget\" data-widget_type=\"heading.default\">\n\t\t\t\t<div class=\"elementor-widget-container\">\n\t\t\t\t\t<h4 class=\"elementor-heading-title elementor-size-default\">Gesellschafter<\/h4>\t\t\t\t<\/div>\n\t\t\t\t<\/div>\n\t\t\t\t\t<\/div>\n\t\t<\/div>\n\t\t\t\t\t<\/div>\n\t\t<\/section>\n\t\t\t\t<section class=\"elementor-section elementor-top-section elementor-element elementor-element-2b01fb9 elementor-section-boxed elementor-section-height-default elementor-section-height-default\" data-id=\"2b01fb9\" data-element_type=\"section\" data-e-type=\"section\">\n\t\t\t\t\t\t<div class=\"elementor-container elementor-column-gap-default\">\n\t\t\t\t\t<div class=\"elementor-column elementor-col-25 elementor-top-column elementor-element elementor-element-cd4bfbc\" data-id=\"cd4bfbc\" data-element_type=\"column\" data-e-type=\"column\">\n\t\t\t<div class=\"elementor-widget-wrap elementor-element-populated\">\n\t\t\t\t\t\t<div class=\"elementor-element elementor-element-6bfaa20 elementor-widget elementor-widget-image\" data-id=\"6bfaa20\" data-element_type=\"widget\" data-e-type=\"widget\" data-widget_type=\"image.default\">\n\t\t\t\t<div class=\"elementor-widget-container\">\n\t\t\t\t\t\t\t\t\t\t\t\t\t\t\t\t<a href=\"https:\/\/www.dekra.de\" target=\"_blank\" rel=\"nofollow\">\n\t\t\t\t\t\t\t<img decoding=\"async\" width=\"290\" height=\"80\" src=\"https:\/\/argetp21.de\/wp-content\/uploads\/2020\/09\/logo_dekra.png\" class=\"attachment-full size-full wp-image-1635\" alt=\"Logo DEKRA\" \/>\t\t\t\t\t\t\t\t<\/a>\n\t\t\t\t\t\t\t\t\t\t\t\t\t\t\t<\/div>\n\t\t\t\t<\/div>\n\t\t\t\t\t<\/div>\n\t\t<\/div>\n\t\t\t\t<div class=\"elementor-column elementor-col-25 elementor-top-column elementor-element elementor-element-bf5ea0b\" data-id=\"bf5ea0b\" data-element_type=\"column\" data-e-type=\"column\">\n\t\t\t<div class=\"elementor-widget-wrap elementor-element-populated\">\n\t\t\t\t\t\t<div class=\"elementor-element elementor-element-579d37a elementor-widget elementor-widget-image\" data-id=\"579d37a\" data-element_type=\"widget\" data-e-type=\"widget\" data-widget_type=\"image.default\">\n\t\t\t\t<div class=\"elementor-widget-container\">\n\t\t\t\t\t\t\t\t\t\t\t\t\t\t\t\t<a href=\"https:\/\/www.tuev-nord.de\" target=\"_blank\" rel=\"nofollow\">\n\t\t\t\t\t\t\t<img decoding=\"async\" width=\"284\" height=\"80\" src=\"https:\/\/argetp21.de\/wp-content\/uploads\/2023\/02\/logo_tuevnord3.png\" class=\"attachment-full size-full wp-image-1636\" alt=\"Logo T\u00dcV Nord\" srcset=\"https:\/\/argetp21.de\/wp-content\/uploads\/2023\/02\/logo_tuevnord3.png 284w, https:\/\/argetp21.de\/wp-content\/uploads\/2023\/02\/logo_tuevnord3-18x5.png 18w\" sizes=\"(max-width: 284px) 100vw, 284px\" \/>\t\t\t\t\t\t\t\t<\/a>\n\t\t\t\t\t\t\t\t\t\t\t\t\t\t\t<\/div>\n\t\t\t\t<\/div>\n\t\t\t\t\t<\/div>\n\t\t<\/div>\n\t\t\t\t<div class=\"elementor-column elementor-col-25 elementor-top-column elementor-element elementor-element-27031aa\" data-id=\"27031aa\" data-element_type=\"column\" data-e-type=\"column\">\n\t\t\t<div class=\"elementor-widget-wrap elementor-element-populated\">\n\t\t\t\t\t\t<div class=\"elementor-element elementor-element-eccb9a9 elementor-widget elementor-widget-image\" data-id=\"eccb9a9\" data-element_type=\"widget\" data-e-type=\"widget\" data-widget_type=\"image.default\">\n\t\t\t\t<div class=\"elementor-widget-container\">\n\t\t\t\t\t\t\t\t\t\t\t\t\t\t\t\t<a href=\"https:\/\/www.tuv.com\" target=\"_blank\" rel=\"nofollow\">\n\t\t\t\t\t\t\t<img loading=\"lazy\" decoding=\"async\" width=\"312\" height=\"80\" src=\"https:\/\/argetp21.de\/wp-content\/uploads\/2020\/09\/logo_tuevrbb.png\" class=\"attachment-full size-full wp-image-1637\" alt=\"Logo T\u00dcV RBB\" srcset=\"https:\/\/argetp21.de\/wp-content\/uploads\/2020\/09\/logo_tuevrbb.png 312w, https:\/\/argetp21.de\/wp-content\/uploads\/2020\/09\/logo_tuevrbb-300x77.png 300w\" sizes=\"(max-width: 312px) 100vw, 312px\" \/>\t\t\t\t\t\t\t\t<\/a>\n\t\t\t\t\t\t\t\t\t\t\t\t\t\t\t<\/div>\n\t\t\t\t<\/div>\n\t\t\t\t\t<\/div>\n\t\t<\/div>\n\t\t\t\t<div class=\"elementor-column elementor-col-25 elementor-top-column elementor-element elementor-element-49ccf1a\" data-id=\"49ccf1a\" data-element_type=\"column\" data-e-type=\"column\">\n\t\t\t<div class=\"elementor-widget-wrap elementor-element-populated\">\n\t\t\t\t\t\t<div class=\"elementor-element elementor-element-5193745 elementor-widget elementor-widget-image\" data-id=\"5193745\" data-element_type=\"widget\" data-e-type=\"widget\" data-widget_type=\"image.default\">\n\t\t\t\t<div class=\"elementor-widget-container\">\n\t\t\t\t\t\t\t\t\t\t\t\t\t\t\t\t<a href=\"https:\/\/www.tuvsud.com\/de-de\" target=\"_blank\" rel=\"nofollow\">\n\t\t\t\t\t\t\t<img loading=\"lazy\" decoding=\"async\" width=\"162\" height=\"80\" src=\"https:\/\/argetp21.de\/wp-content\/uploads\/2023\/09\/logo_tuevsued.png\" class=\"attachment-full size-full wp-image-3607\" alt=\"Logo T\u00dcV S\u00fcd\" srcset=\"https:\/\/argetp21.de\/wp-content\/uploads\/2023\/09\/logo_tuevsued.png 162w, https:\/\/argetp21.de\/wp-content\/uploads\/2023\/09\/logo_tuevsued-18x9.png 18w\" sizes=\"(max-width: 162px) 100vw, 162px\" \/>\t\t\t\t\t\t\t\t<\/a>\n\t\t\t\t\t\t\t\t\t\t\t\t\t\t\t<\/div>\n\t\t\t\t<\/div>\n\t\t\t\t\t<\/div>\n\t\t<\/div>\n\t\t\t\t\t<\/div>\n\t\t<\/section>\n\t\t\t\t<\/div>","protected":false},"excerpt":{"rendered":"<p>Impressum T\u00dcV | DEKRA arge tp 21 GmbH Wintergartenstra\u00dfe 4,\u00a001307 Dresden Gesch\u00e4ftsf\u00fchrer \u00a0 Dipl.-Ing. Mathias R\u00fcdel Telefon \u00a0 +49 351 20789-0 Telefax \u00a0 +49 351 20789-20 \u00a0 \u00a0 \u00a0 Internet \u00a0 https:\/\/argetp21.de E-Mail \u00a0 \u00a0 \u00a0 \u00a0 Registergericht \u00a0 Dresden Handelsregister \u00a0 HRB 45608 Steuernummer \u00a0 203\/121\/00550 Ust-ID \u00a0 DE 208113927 Gesellschafter<\/p>","protected":false},"author":4,"featured_media":0,"parent":0,"menu_order":2,"comment_status":"closed","ping_status":"closed","template":"","meta":{"footnotes":""},"class_list":["post-67","page","type-page","status-publish","hentry"],"yoast_head":"<!-- This site is optimized with the Yoast SEO plugin v27.3 - https:\/\/yoast.com\/product\/yoast-seo-wordpress\/ -->\n<title>Impressum - T\u00dcV | DEKRA arge tp 21<\/title>\n<meta name=\"description\" content=\"Webseite der T\u00dcV | DEKRA arge tp 21 GbR - Ingenieurs-Agentur f\u00fcr das Kraftfahrsachverst\u00e4ndigenwesen\" \/>\n<meta name=\"robots\" content=\"index, follow, max-snippet:-1, max-image-preview:large, max-video-preview:-1\" \/>\n<link rel=\"canonical\" href=\"https:\/\/argetp21.de\/en\/impressum\/\" \/>\n<meta property=\"og:locale\" content=\"en_GB\" \/>\n<meta property=\"og:type\" content=\"article\" \/>\n<meta property=\"og:title\" content=\"Impressum - T\u00dcV | DEKRA arge tp 21\" \/>\n<meta property=\"og:description\" content=\"Webseite der T\u00dcV | DEKRA arge tp 21 GbR - Ingenieurs-Agentur f\u00fcr das Kraftfahrsachverst\u00e4ndigenwesen\" \/>\n<meta property=\"og:url\" content=\"https:\/\/argetp21.de\/en\/impressum\/\" \/>\n<meta property=\"og:site_name\" content=\"T\u00dcV | DEKRA arge tp 21\" \/>\n<meta property=\"article:modified_time\" content=\"2024-09-16T07:32:04+00:00\" \/>\n<meta property=\"og:image\" content=\"https:\/\/argetp21.de\/wp-content\/uploads\/2020\/08\/email.png\" \/>\n<meta name=\"twitter:card\" content=\"summary_large_image\" \/>\n<meta name=\"twitter:label1\" content=\"Estimated reading time\" \/>\n\t<meta name=\"twitter:data1\" content=\"2 minutes\" \/>\n<script type=\"application\/ld+json\" class=\"yoast-schema-graph\">{\"@context\":\"https:\\\/\\\/schema.org\",\"@graph\":[{\"@type\":\"WebPage\",\"@id\":\"https:\\\/\\\/argetp21.de\\\/impressum\\\/\",\"url\":\"https:\\\/\\\/argetp21.de\\\/impressum\\\/\",\"name\":\"Impressum - T\u00dcV | DEKRA arge tp 21\",\"isPartOf\":{\"@id\":\"https:\\\/\\\/argetp21.de\\\/#website\"},\"primaryImageOfPage\":{\"@id\":\"https:\\\/\\\/argetp21.de\\\/impressum\\\/#primaryimage\"},\"image\":{\"@id\":\"https:\\\/\\\/argetp21.de\\\/impressum\\\/#primaryimage\"},\"thumbnailUrl\":\"https:\\\/\\\/argetp21.de\\\/wp-content\\\/uploads\\\/2020\\\/08\\\/email.png\",\"datePublished\":\"2020-05-04T13:50:48+00:00\",\"dateModified\":\"2024-09-16T07:32:04+00:00\",\"description\":\"Webseite der T\u00dcV | DEKRA arge tp 21 GbR - Ingenieurs-Agentur f\u00fcr das Kraftfahrsachverst\u00e4ndigenwesen\",\"breadcrumb\":{\"@id\":\"https:\\\/\\\/argetp21.de\\\/impressum\\\/#breadcrumb\"},\"inLanguage\":\"en-GB\",\"potentialAction\":[{\"@type\":\"ReadAction\",\"target\":[\"https:\\\/\\\/argetp21.de\\\/impressum\\\/\"]}]},{\"@type\":\"ImageObject\",\"inLanguage\":\"en-GB\",\"@id\":\"https:\\\/\\\/argetp21.de\\\/impressum\\\/#primaryimage\",\"url\":\"https:\\\/\\\/argetp21.de\\\/wp-content\\\/uploads\\\/2020\\\/08\\\/email.png\",\"contentUrl\":\"https:\\\/\\\/argetp21.de\\\/wp-content\\\/uploads\\\/2020\\\/08\\\/email.png\"},{\"@type\":\"BreadcrumbList\",\"@id\":\"https:\\\/\\\/argetp21.de\\\/impressum\\\/#breadcrumb\",\"itemListElement\":[{\"@type\":\"ListItem\",\"position\":1,\"name\":\"Startseite\",\"item\":\"https:\\\/\\\/argetp21.de\\\/\"},{\"@type\":\"ListItem\",\"position\":2,\"name\":\"Impressum\"}]},{\"@type\":\"WebSite\",\"@id\":\"https:\\\/\\\/argetp21.de\\\/#website\",\"url\":\"https:\\\/\\\/argetp21.de\\\/\",\"name\":\"T\u00dcV | DEKRA arge tp 21\",\"description\":\"\",\"publisher\":{\"@id\":\"https:\\\/\\\/argetp21.de\\\/#organization\"},\"potentialAction\":[{\"@type\":\"SearchAction\",\"target\":{\"@type\":\"EntryPoint\",\"urlTemplate\":\"https:\\\/\\\/argetp21.de\\\/?s={search_term_string}\"},\"query-input\":{\"@type\":\"PropertyValueSpecification\",\"valueRequired\":true,\"valueName\":\"search_term_string\"}}],\"inLanguage\":\"en-GB\"},{\"@type\":\"Organization\",\"@id\":\"https:\\\/\\\/argetp21.de\\\/#organization\",\"name\":\"T\u00dcV | DEKRA arge tp 21\",\"url\":\"https:\\\/\\\/argetp21.de\\\/\",\"logo\":{\"@type\":\"ImageObject\",\"inLanguage\":\"en-GB\",\"@id\":\"https:\\\/\\\/argetp21.de\\\/#\\\/schema\\\/logo\\\/image\\\/\",\"url\":\"https:\\\/\\\/argetp21.de\\\/wp-content\\\/uploads\\\/2020\\\/05\\\/logo.png\",\"contentUrl\":\"https:\\\/\\\/argetp21.de\\\/wp-content\\\/uploads\\\/2020\\\/05\\\/logo.png\",\"width\":150,\"height\":150,\"caption\":\"T\u00dcV | DEKRA arge tp 21\"},\"image\":{\"@id\":\"https:\\\/\\\/argetp21.de\\\/#\\\/schema\\\/logo\\\/image\\\/\"}}]}<\/script>\n<!-- \/ Yoast SEO plugin. -->","yoast_head_json":{"title":"Impressum - T\u00dcV | DEKRA arge tp 21","description":"Webseite der T\u00dcV | DEKRA arge tp 21 GbR - Ingenieurs-Agentur f\u00fcr das Kraftfahrsachverst\u00e4ndigenwesen","robots":{"index":"index","follow":"follow","max-snippet":"max-snippet:-1","max-image-preview":"max-image-preview:large","max-video-preview":"max-video-preview:-1"},"canonical":"https:\/\/argetp21.de\/en\/impressum\/","og_locale":"en_GB","og_type":"article","og_title":"Impressum - T\u00dcV | DEKRA arge tp 21","og_description":"Webseite der T\u00dcV | DEKRA arge tp 21 GbR - Ingenieurs-Agentur f\u00fcr das Kraftfahrsachverst\u00e4ndigenwesen","og_url":"https:\/\/argetp21.de\/en\/impressum\/","og_site_name":"T\u00dcV | DEKRA arge tp 21","article_modified_time":"2024-09-16T07:32:04+00:00","og_image":[{"url":"https:\/\/argetp21.de\/wp-content\/uploads\/2020\/08\/email.png","type":"","width":"","height":""}],"twitter_card":"summary_large_image","twitter_misc":{"Estimated reading time":"2 minutes"},"schema":{"@context":"https:\/\/schema.org","@graph":[{"@type":"WebPage","@id":"https:\/\/argetp21.de\/impressum\/","url":"https:\/\/argetp21.de\/impressum\/","name":"Impressum - T\u00dcV | DEKRA arge tp 21","isPartOf":{"@id":"https:\/\/argetp21.de\/#website"},"primaryImageOfPage":{"@id":"https:\/\/argetp21.de\/impressum\/#primaryimage"},"image":{"@id":"https:\/\/argetp21.de\/impressum\/#primaryimage"},"thumbnailUrl":"https:\/\/argetp21.de\/wp-content\/uploads\/2020\/08\/email.png","datePublished":"2020-05-04T13:50:48+00:00","dateModified":"2024-09-16T07:32:04+00:00","description":"Webseite der T\u00dcV | DEKRA arge tp 21 GbR - Ingenieurs-Agentur f\u00fcr das Kraftfahrsachverst\u00e4ndigenwesen","breadcrumb":{"@id":"https:\/\/argetp21.de\/impressum\/#breadcrumb"},"inLanguage":"en-GB","potentialAction":[{"@type":"ReadAction","target":["https:\/\/argetp21.de\/impressum\/"]}]},{"@type":"ImageObject","inLanguage":"en-GB","@id":"https:\/\/argetp21.de\/impressum\/#primaryimage","url":"https:\/\/argetp21.de\/wp-content\/uploads\/2020\/08\/email.png","contentUrl":"https:\/\/argetp21.de\/wp-content\/uploads\/2020\/08\/email.png"},{"@type":"BreadcrumbList","@id":"https:\/\/argetp21.de\/impressum\/#breadcrumb","itemListElement":[{"@type":"ListItem","position":1,"name":"Startseite","item":"https:\/\/argetp21.de\/"},{"@type":"ListItem","position":2,"name":"Impressum"}]},{"@type":"WebSite","@id":"https:\/\/argetp21.de\/#website","url":"https:\/\/argetp21.de\/","name":"T\u00dcV | DEKRA arge tp 21","description":"","publisher":{"@id":"https:\/\/argetp21.de\/#organization"},"potentialAction":[{"@type":"SearchAction","target":{"@type":"EntryPoint","urlTemplate":"https:\/\/argetp21.de\/?s={search_term_string}"},"query-input":{"@type":"PropertyValueSpecification","valueRequired":true,"valueName":"search_term_string"}}],"inLanguage":"en-GB"},{"@type":"Organization","@id":"https:\/\/argetp21.de\/#organization","name":"T\u00dcV | DEKRA arge tp 21","url":"https:\/\/argetp21.de\/","logo":{"@type":"ImageObject","inLanguage":"en-GB","@id":"https:\/\/argetp21.de\/#\/schema\/logo\/image\/","url":"https:\/\/argetp21.de\/wp-content\/uploads\/2020\/05\/logo.png","contentUrl":"https:\/\/argetp21.de\/wp-content\/uploads\/2020\/05\/logo.png","width":150,"height":150,"caption":"T\u00dcV | DEKRA arge tp 21"},"image":{"@id":"https:\/\/argetp21.de\/#\/schema\/logo\/image\/"}}]}},"publishpress_future_action":{"enabled":false,"date":"2026-05-09 02:15:01","action":"change-status","newStatus":"draft","terms":[],"taxonomy":"","extraData":[]},"publishpress_future_workflow_manual_trigger":{"enabledWorkflows":[]},"_links":{"self":[{"href":"https:\/\/argetp21.de\/en\/wp-json\/wp\/v2\/pages\/67","targetHints":{"allow":["GET"]}}],"collection":[{"href":"https:\/\/argetp21.de\/en\/wp-json\/wp\/v2\/pages"}],"about":[{"href":"https:\/\/argetp21.de\/en\/wp-json\/wp\/v2\/types\/page"}],"author":[{"embeddable":true,"href":"https:\/\/argetp21.de\/en\/wp-json\/wp\/v2\/users\/4"}],"replies":[{"embeddable":true,"href":"https:\/\/argetp21.de\/en\/wp-json\/wp\/v2\/comments?post=67"}],"version-history":[{"count":10,"href":"https:\/\/argetp21.de\/en\/wp-json\/wp\/v2\/pages\/67\/revisions"}],"predecessor-version":[{"id":4056,"href":"https:\/\/argetp21.de\/en\/wp-json\/wp\/v2\/pages\/67\/revisions\/4056"}],"wp:attachment":[{"href":"https:\/\/argetp21.de\/en\/wp-json\/wp\/v2\/media?parent=67"}],"curies":[{"name":"wp","href":"https:\/\/api.w.org\/{rel}","templated":true}]}}